{"id":49,"date":"2024-10-13T08:31:10","date_gmt":"2024-10-13T08:31:10","guid":{"rendered":"https:\/\/spedition-prantner.de\/?page_id=49"},"modified":"2024-10-13T08:48:54","modified_gmt":"2024-10-13T08:48:54","slug":"impressum","status":"publish","type":"page","link":"https:\/\/www.spedition-prantner.de\/hu\/impressum\/","title":{"rendered":"Impressum"},"content":{"rendered":"<div data-elementor-type=\"wp-page\" data-elementor-id=\"49\" class=\"elementor elementor-49\" data-elementor-post-type=\"page\">\n\t\t\t\t<div class=\"elementor-element elementor-element-af61682 e-flex e-con-boxed e-con e-parent\" data-id=\"af61682\" data-element_type=\"container\" data-e-type=\"container\">\n\t\t\t\t\t<div class=\"e-con-inner\">\n\t\t\t\t<div class=\"elementor-element elementor-element-92cf53f elementor-widget elementor-widget-text-editor\" data-id=\"92cf53f\" data-element_type=\"widget\" data-e-type=\"widget\" data-widget_type=\"text-editor.default\">\n\t\t\t\t<div class=\"elementor-widget-container\">\n\t\t\t\t\t\t\t\t\t<h1>Impressum<\/h1>\n\n<p>Spedition Prantner GmbH &amp; Co. KG<br \/>\nRiedhofstr. 7<br \/>\n86470 Thannhausen<\/p>\n\n<p>Handelsregister: HRA 13838<br \/>\nRegistergericht: Amtsgericht Memmingen<\/p>\n\n<p><strong>Vertreten durch:<\/strong><br \/>\nGesch&auml;ftsf&uuml;hrung der Prantner Verwaltungs GmbH<\/p>\n\n<p>Diese vertreten durch:<br \/>\nStefan Zimmermann<br \/>\nRobert Prantner<\/p>\n\n<p>Handelsregister: HRB 20117<br \/>\nRegistergericht: Amtsgericht Memmingen<\/p>\n\n<h2>Kontakt<\/h2>\n<p>Telefon: +49(0)8281\/99973410<br \/>\nTelefax: +49(0)8281\/99973419<br \/>\nE-Mail: info@spedition-prantner.de<\/p>\n\n<h2>Umsatzsteuer-ID<\/h2>\n<p>Umsatzsteuer-Identifikationsnummer gem&auml;&szlig; &sect; 27 a Umsatzsteuergesetz:<br \/>\nDE355271786<\/p>\n\n<h2>Gewerbeanmeldung<\/h2>\n<p>Die Gewerbeerlaubnis nach &sect;14 GewO GewO wurde am 18.01.2023 von folgender Stelle erteilt: Stadt Thannhausen.<\/p>\n\n<h2>EU-Streitschlichtung<\/h2>\n<p>Die Europ&auml;ische Kommission stellt eine Plattform zur Online-Streitbeilegung (OS) bereit: <a href=\"https:\/\/ec.europa.eu\/consumers\/odr\/\" target=\"_blank\" rel=\"noopener noreferrer\">https:\/\/ec.europa.eu\/consumers\/odr\/<\/a>.<br \/> Unsere E-Mail-Adresse finden Sie oben im Impressum.<\/p>\n\n<h2>Verbraucher&shy;streit&shy;beilegung\/Universal&shy;schlichtungs&shy;stelle<\/h2>\n<p>Wir sind nicht bereit oder verpflichtet, an Streitbeilegungsverfahren vor einer Verbraucherschlichtungsstelle teilzunehmen.<\/p>\t\t\t\t\t\t\t\t<\/div>\n\t\t\t\t<\/div>\n\t\t\t\t\t<\/div>\n\t\t\t\t<\/div>\n\t\t\t\t<\/div>","protected":false},"excerpt":{"rendered":"<p>Impressum Spedition Prantner GmbH &amp; Co. KG Riedhofstr. 7 86470 Thannhausen Handelsregister: HRA 13838 Registergericht: Amtsgericht Memmingen Vertreten durch: Gesch&auml;ftsf&uuml;hrung der Prantner Verwaltungs GmbH Diese vertreten durch: Stefan Zimmermann Robert Prantner Handelsregister: HRB 20117 Registergericht: Amtsgericht Memmingen Kontakt Telefon: +49(0)8281\/99973410 Telefax: +49(0)8281\/99973419 E-Mail: info@spedition-prantner.de Umsatzsteuer-ID Umsatzsteuer-Identifikationsnummer gem&auml;&szlig; &sect; 27 a Umsatzsteuergesetz: DE355271786 Gewerbeanmeldung Die Gewerbeerlaubnis [&hellip;]<\/p>\n","protected":false},"author":1,"featured_media":0,"parent":0,"menu_order":0,"comment_status":"closed","ping_status":"closed","template":"","meta":{"footnotes":""},"class_list":["post-49","page","type-page","status-publish","hentry"],"yoast_head":"<!-- This site is optimized with the Yoast SEO plugin v27.4 - https:\/\/yoast.com\/product\/yoast-seo-wordpress\/ -->\n<title>Impressum - Spedition Prantner GmbH &amp; Co. KG<\/title>\n<meta name=\"robots\" content=\"index, follow, max-snippet:-1, max-image-preview:large, max-video-preview:-1\" \/>\n<link rel=\"canonical\" href=\"https:\/\/www.spedition-prantner.de\/hu\/impressum\/\" \/>\n<meta property=\"og:locale\" content=\"hu_HU\" \/>\n<meta property=\"og:type\" content=\"article\" \/>\n<meta property=\"og:title\" content=\"Impressum - Spedition Prantner GmbH &amp; Co. KG\" \/>\n<meta property=\"og:description\" content=\"Impressum Spedition Prantner GmbH &amp; Co. KG Riedhofstr. 7 86470 Thannhausen Handelsregister: HRA 13838 Registergericht: Amtsgericht Memmingen Vertreten durch: Gesch&auml;ftsf&uuml;hrung der Prantner Verwaltungs GmbH Diese vertreten durch: Stefan Zimmermann Robert Prantner Handelsregister: HRB 20117 Registergericht: Amtsgericht Memmingen Kontakt Telefon: +49(0)8281\/99973410 Telefax: +49(0)8281\/99973419 E-Mail: info@spedition-prantner.de Umsatzsteuer-ID Umsatzsteuer-Identifikationsnummer gem&auml;&szlig; &sect; 27 a Umsatzsteuergesetz: DE355271786 Gewerbeanmeldung Die Gewerbeerlaubnis [&hellip;]\" \/>\n<meta property=\"og:url\" content=\"https:\/\/www.spedition-prantner.de\/hu\/impressum\/\" \/>\n<meta property=\"og:site_name\" content=\"Spedition Prantner GmbH &amp; Co. KG\" \/>\n<meta property=\"article:modified_time\" content=\"2024-10-13T08:48:54+00:00\" \/>\n<meta name=\"twitter:card\" content=\"summary_large_image\" \/>\n<meta name=\"twitter:label1\" content=\"Becs\u00fclt olvas\u00e1si id\u0151\" \/>\n\t<meta name=\"twitter:data1\" content=\"1 perc\" \/>\n<script type=\"application\/ld+json\" class=\"yoast-schema-graph\">{\"@context\":\"https:\\\/\\\/schema.org\",\"@graph\":[{\"@type\":\"WebPage\",\"@id\":\"https:\\\/\\\/www.spedition-prantner.de\\\/impressum\\\/\",\"url\":\"https:\\\/\\\/www.spedition-prantner.de\\\/impressum\\\/\",\"name\":\"Impressum - Spedition Prantner GmbH &amp; Co. KG\",\"isPartOf\":{\"@id\":\"https:\\\/\\\/www.spedition-prantner.de\\\/#website\"},\"datePublished\":\"2024-10-13T08:31:10+00:00\",\"dateModified\":\"2024-10-13T08:48:54+00:00\",\"breadcrumb\":{\"@id\":\"https:\\\/\\\/www.spedition-prantner.de\\\/impressum\\\/#breadcrumb\"},\"inLanguage\":\"hu\",\"potentialAction\":[{\"@type\":\"ReadAction\",\"target\":[\"https:\\\/\\\/www.spedition-prantner.de\\\/impressum\\\/\"]}]},{\"@type\":\"BreadcrumbList\",\"@id\":\"https:\\\/\\\/www.spedition-prantner.de\\\/impressum\\\/#breadcrumb\",\"itemListElement\":[{\"@type\":\"ListItem\",\"position\":1,\"name\":\"Startseite\",\"item\":\"https:\\\/\\\/www.spedition-prantner.de\\\/\"},{\"@type\":\"ListItem\",\"position\":2,\"name\":\"Impressum\"}]},{\"@type\":\"WebSite\",\"@id\":\"https:\\\/\\\/www.spedition-prantner.de\\\/#website\",\"url\":\"https:\\\/\\\/www.spedition-prantner.de\\\/\",\"name\":\"Spedition Prantner GmbH &amp; Co. KG\",\"description\":\"Zuverl\u00e4ssige Transporte innerhalb der EU\",\"publisher\":{\"@id\":\"https:\\\/\\\/www.spedition-prantner.de\\\/#organization\"},\"potentialAction\":[{\"@type\":\"SearchAction\",\"target\":{\"@type\":\"EntryPoint\",\"urlTemplate\":\"https:\\\/\\\/www.spedition-prantner.de\\\/?s={search_term_string}\"},\"query-input\":{\"@type\":\"PropertyValueSpecification\",\"valueRequired\":true,\"valueName\":\"search_term_string\"}}],\"inLanguage\":\"hu\"},{\"@type\":\"Organization\",\"@id\":\"https:\\\/\\\/www.spedition-prantner.de\\\/#organization\",\"name\":\"Spedition Prantner GmbH &amp; Co. KG\",\"url\":\"https:\\\/\\\/www.spedition-prantner.de\\\/\",\"logo\":{\"@type\":\"ImageObject\",\"inLanguage\":\"hu\",\"@id\":\"https:\\\/\\\/www.spedition-prantner.de\\\/#\\\/schema\\\/logo\\\/image\\\/\",\"url\":\"https:\\\/\\\/www.spedition-prantner.de\\\/wp-content\\\/uploads\\\/2024\\\/09\\\/Logo_2016.png\",\"contentUrl\":\"https:\\\/\\\/www.spedition-prantner.de\\\/wp-content\\\/uploads\\\/2024\\\/09\\\/Logo_2016.png\",\"width\":800,\"height\":600,\"caption\":\"Spedition Prantner GmbH &amp; Co. KG\"},\"image\":{\"@id\":\"https:\\\/\\\/www.spedition-prantner.de\\\/#\\\/schema\\\/logo\\\/image\\\/\"}}]}<\/script>\n<!-- \/ Yoast SEO plugin. -->","yoast_head_json":{"title":"Impressum - Spedition Prantner GmbH &amp; Co. KG","robots":{"index":"index","follow":"follow","max-snippet":"max-snippet:-1","max-image-preview":"max-image-preview:large","max-video-preview":"max-video-preview:-1"},"canonical":"https:\/\/www.spedition-prantner.de\/hu\/impressum\/","og_locale":"hu_HU","og_type":"article","og_title":"Impressum - Spedition Prantner GmbH &amp; Co. KG","og_description":"Impressum Spedition Prantner GmbH &amp; Co. KG Riedhofstr. 7 86470 Thannhausen Handelsregister: HRA 13838 Registergericht: Amtsgericht Memmingen Vertreten durch: Gesch&auml;ftsf&uuml;hrung der Prantner Verwaltungs GmbH Diese vertreten durch: Stefan Zimmermann Robert Prantner Handelsregister: HRB 20117 Registergericht: Amtsgericht Memmingen Kontakt Telefon: +49(0)8281\/99973410 Telefax: +49(0)8281\/99973419 E-Mail: info@spedition-prantner.de Umsatzsteuer-ID Umsatzsteuer-Identifikationsnummer gem&auml;&szlig; &sect; 27 a Umsatzsteuergesetz: DE355271786 Gewerbeanmeldung Die Gewerbeerlaubnis [&hellip;]","og_url":"https:\/\/www.spedition-prantner.de\/hu\/impressum\/","og_site_name":"Spedition Prantner GmbH &amp; Co. KG","article_modified_time":"2024-10-13T08:48:54+00:00","twitter_card":"summary_large_image","twitter_misc":{"Becs\u00fclt olvas\u00e1si id\u0151":"1 perc"},"schema":{"@context":"https:\/\/schema.org","@graph":[{"@type":"WebPage","@id":"https:\/\/www.spedition-prantner.de\/impressum\/","url":"https:\/\/www.spedition-prantner.de\/impressum\/","name":"Impressum - Spedition Prantner GmbH &amp; Co. KG","isPartOf":{"@id":"https:\/\/www.spedition-prantner.de\/#website"},"datePublished":"2024-10-13T08:31:10+00:00","dateModified":"2024-10-13T08:48:54+00:00","breadcrumb":{"@id":"https:\/\/www.spedition-prantner.de\/impressum\/#breadcrumb"},"inLanguage":"hu","potentialAction":[{"@type":"ReadAction","target":["https:\/\/www.spedition-prantner.de\/impressum\/"]}]},{"@type":"BreadcrumbList","@id":"https:\/\/www.spedition-prantner.de\/impressum\/#breadcrumb","itemListElement":[{"@type":"ListItem","position":1,"name":"Startseite","item":"https:\/\/www.spedition-prantner.de\/"},{"@type":"ListItem","position":2,"name":"Impressum"}]},{"@type":"WebSite","@id":"https:\/\/www.spedition-prantner.de\/#website","url":"https:\/\/www.spedition-prantner.de\/","name":"Spedition Prantner GmbH &amp; Co. KG","description":"Zuverl\u00e4ssige Transporte innerhalb der EU","publisher":{"@id":"https:\/\/www.spedition-prantner.de\/#organization"},"potentialAction":[{"@type":"SearchAction","target":{"@type":"EntryPoint","urlTemplate":"https:\/\/www.spedition-prantner.de\/?s={search_term_string}"},"query-input":{"@type":"PropertyValueSpecification","valueRequired":true,"valueName":"search_term_string"}}],"inLanguage":"hu"},{"@type":"Organization","@id":"https:\/\/www.spedition-prantner.de\/#organization","name":"Spedition Prantner GmbH &amp; Co. KG","url":"https:\/\/www.spedition-prantner.de\/","logo":{"@type":"ImageObject","inLanguage":"hu","@id":"https:\/\/www.spedition-prantner.de\/#\/schema\/logo\/image\/","url":"https:\/\/www.spedition-prantner.de\/wp-content\/uploads\/2024\/09\/Logo_2016.png","contentUrl":"https:\/\/www.spedition-prantner.de\/wp-content\/uploads\/2024\/09\/Logo_2016.png","width":800,"height":600,"caption":"Spedition Prantner GmbH &amp; Co. KG"},"image":{"@id":"https:\/\/www.spedition-prantner.de\/#\/schema\/logo\/image\/"}}]}},"_links":{"self":[{"href":"https:\/\/www.spedition-prantner.de\/hu\/wp-json\/wp\/v2\/pages\/49","targetHints":{"allow":["GET"]}}],"collection":[{"href":"https:\/\/www.spedition-prantner.de\/hu\/wp-json\/wp\/v2\/pages"}],"about":[{"href":"https:\/\/www.spedition-prantner.de\/hu\/wp-json\/wp\/v2\/types\/page"}],"author":[{"embeddable":true,"href":"https:\/\/www.spedition-prantner.de\/hu\/wp-json\/wp\/v2\/users\/1"}],"replies":[{"embeddable":true,"href":"https:\/\/www.spedition-prantner.de\/hu\/wp-json\/wp\/v2\/comments?post=49"}],"version-history":[{"count":10,"href":"https:\/\/www.spedition-prantner.de\/hu\/wp-json\/wp\/v2\/pages\/49\/revisions"}],"predecessor-version":[{"id":71,"href":"https:\/\/www.spedition-prantner.de\/hu\/wp-json\/wp\/v2\/pages\/49\/revisions\/71"}],"wp:attachment":[{"href":"https:\/\/www.spedition-prantner.de\/hu\/wp-json\/wp\/v2\/media?parent=49"}],"curies":[{"name":"wp","href":"https:\/\/api.w.org\/{rel}","templated":true}]}}